{"id":5187,"date":"2020-10-09T22:14:28","date_gmt":"2020-10-09T22:14:28","guid":{"rendered":"http:\/\/cafrad.international\/home\/"},"modified":"2025-11-11T12:04:35","modified_gmt":"2025-11-11T12:04:35","slug":"home","status":"publish","type":"page","link":"https:\/\/cafrad.io\/en\/","title":{"rendered":"Home"},"content":{"rendered":"<section class=\"wpb-content-wrapper\"><p>[vc_row full_width=&#8221;stretch_row&#8221; css=&#8221;.vc_custom_1602459695618{background-color: #f7f7f7 !important;}&#8221;][vc_column][stm_spacing lg_spacing=&#8221;80&#8243; md_spacing=&#8221;80&#8243; sm_spacing=&#8221;70&#8243; xs_spacing=&#8221;60&#8243;][vc_single_image image=&#8221;8206&#8243; img_size=&#8221;full&#8221;][vc_column_text]<\/p>\n<p class=\"stripe_2\"><span style=\"color: #000000;\"><a style=\"color: #000000;\" href=\"https:\/\/cafrad.io\/en\/dr-coffi-dieudonne-assouvi-director-general-of-the-african-center-for-administrative-training-and-research-for-development-cafrad\/\"><strong>Dr. Coffi Dieudonn\u00e9 ASSOUVI, Director General of the African Center for Administrative Training and Research for Development (CAFRAD)<\/strong><\/a><\/span><\/p>\n<p>[\/vc_column_text][\/vc_column][vc_column][stm_spacing lg_spacing=&#8221;80&#8243; md_spacing=&#8221;80&#8243; sm_spacing=&#8221;70&#8243; xs_spacing=&#8221;60&#8243;][vc_custom_heading stm_title_font_weight=&#8221;500&#8243; text=&#8221;Recent News&#8221; font_container=&#8221;tag:h1|text_align:center|color:%23ffc80a&#8221; use_theme_fonts=&#8221;yes&#8221;][stm_spacing lg_spacing=&#8221;50&#8243; md_spacing=&#8221;50&#8243; sm_spacing=&#8221;30&#8243; xs_spacing=&#8221;20&#8243;][stm_news loop=&#8221;size:3|post_type:post|categories:121&#8243; posts_per_row=&#8221;3&#8243;][vc_btn title=&#8221;Show More&#8221; color=&#8221;warning&#8221; size=&#8221;lg&#8221; align=&#8221;center&#8221; i_align=&#8221;right&#8221; i_icon_fontawesome=&#8221;&#8221; add_icon=&#8221;true&#8221; link=&#8221;url:https%3A%2F%2Fcafrad.io%2Fen%2Fnews%2F|target:_blank&#8221;][stm_spacing lg_spacing=&#8221;47&#8243; md_spacing=&#8221;47&#8243; sm_spacing=&#8221;60&#8243; xs_spacing=&#8221;60&#8243;][\/vc_column][\/vc_row][vc_row full_width=&#8221;stretch_row&#8221; css=&#8221;.vc_custom_1737308670927{margin-top: -20px !important;background-color: #1d858b !important;}&#8221;][vc_column][stm_spacing lg_spacing=&#8221;75&#8243; md_spacing=&#8221;75&#8243; sm_spacing=&#8221;60&#8243; xs_spacing=&#8221;60&#8243;][vc_column_text]<strong><span style=\"color: #ffffff;\">CAFRAD, the second African organization after the African Union, is the first Center for resolving administrative development issues as well as for the construction, reinvention, modernization, and continuous improvement of administration and governance systems on the continent.<\/span><\/strong>[\/vc_column_text][stm_spacing lg_spacing=&#8221;67&#8243; md_spacing=&#8221;67&#8243; sm_spacing=&#8221;60&#8243; xs_spacing=&#8221;60&#8243;][\/vc_column][\/vc_row][vc_row full_width=&#8221;stretch_row&#8221; equal_height=&#8221;yes&#8221; css=&#8221;.vc_custom_1549359949074{background-color: #f3f3f3 !important;}&#8221;][vc_column][vc_empty_space height=&#8221;45px&#8221;][\/vc_column][vc_column][stm_spacing][vc_custom_heading stm_title_font_weight=&#8221;500&#8243; text=&#8221;Events&#8221; font_container=&#8221;tag:h1|text_align:center|color:%23ffc80a&#8221; use_theme_fonts=&#8221;yes&#8221;][\/vc_column][vc_column][stm_spacing][vc_column_text]<\/p>\n<h2 class=\"stripe_2\" style=\"text-align: center;\"><a href=\"https:\/\/cafrad.io\/en\/cafrad-organizes-in-partnership-with-unesco-spark-aliance-project-webinar-on-ai-in-public-administration-in-africa\/\" target=\"_blank\" rel=\"noopener\"><span style=\"color: #000000;\"><strong>CAFRAD organizes, in partnership with UNESCO-Spark Aliance Project : Webinar on AI in Public Administration in Africa <\/strong><\/span><\/a><\/h2>\n<p>[\/vc_column_text][vc_single_image image=&#8221;10629&#8243; img_size=&#8221;large&#8221; alignment=&#8221;center&#8221;][vc_empty_space height=&#8221;50px&#8221;][\/vc_column][\/vc_row][vc_row css=&#8221;.vc_custom_1549356784354{margin-top: -5px !important;}&#8221;][vc_column css_animation=&#8221;none&#8221; width=&#8221;1\/2&#8243;][stm_spacing lg_spacing=&#8221;71&#8243; md_spacing=&#8221;71&#8243; sm_spacing=&#8221;60&#8243; xs_spacing=&#8221;60&#8243;][vc_custom_heading stripe_pos=&#8221;hide&#8221; text=&#8221;CAFRAD&#8221; font_container=&#8221;tag:h4|text_align:left|color:%231d858b&#8221; use_theme_fonts=&#8221;yes&#8221; css=&#8221;.vc_custom_1602133977753{margin-bottom: 35px !important;}&#8221;][vc_column_text css=&#8221;.vc_custom_1617273960607{margin-bottom: 28px !important;}&#8221;]L\u2019Organisation Intergouvernementale Panafricaine CAFRAD, a \u00e9t\u00e9 cr\u00e9\u00e9e en 1964 par les Gouvernements des pays d\u2019Afrique avec le soutien de l\u2019UNESCO. Elle est le premier Centre Panafricain de Formation et de Recherche du Continent destin\u00e9 \u00e0 l\u2019am\u00e9lioration des syst\u00e8mes de l\u2019Administration Publique et de Gouvernance en Afrique.<\/p>\n<div id=\"gtx-trans\">\n<div class=\"gtx-trans-icon\"><\/div>\n<\/div>\n<div id=\"gtx-trans\">\n<div class=\"gtx-trans-icon\"><\/div>\n<\/div>\n<div id=\"gtx-trans\">\n<div class=\"gtx-trans-icon\"><\/div>\n<\/div>\n<p>[\/vc_column_text][vc_column_text]Its headquarters is located in Tangier (Morocco). Membership to CAFRAD is open to all African States. Le CAFRAD compte actuellement 36 Etats-membres.[\/vc_column_text][\/vc_column][vc_column width=&#8221;1\/2&#8243;][stm_spacing lg_spacing=&#8221;71&#8243; md_spacing=&#8221;71&#8243; sm_spacing=&#8221;60&#8243; xs_spacing=&#8221;60&#8243;][vc_custom_heading stripe_pos=&#8221;hide&#8221; text=&#8221;Frequently Asked Questions&#8221; font_container=&#8221;tag:h4|text_align:left&#8221; use_theme_fonts=&#8221;yes&#8221; css_animation=&#8221;fadeInUp&#8221; el_class=&#8221;third_font_color&#8221; css=&#8221;.vc_custom_1602134011726{margin-bottom: 35px !important;}&#8221;][vc_tta_accordion style=&#8221;modern&#8221; shape=&#8221;square&#8221; color=&#8221;mulled-wine&#8221; active_section=&#8221;1&#8243; css_animation=&#8221;none&#8221; no_fill=&#8221;true&#8221;][vc_tta_section title=&#8221;What&#8217;s our mission?&#8221; tab_id=&#8221;1461328856794-2dee9bba-e774b7be-ca10a2e5-e62664c3-d0664fac-db16&#8243;][vc_column_text]Accompagner les initiatives de progr\u00e8s par la contribution intellectuelle, culturelle et scientifique pour une Gouvernance Publique Responsable, Transformative et plus Humaine.[\/vc_column_text][\/vc_tta_section][vc_tta_section title=&#8221;What are the member states?&#8221; tab_id=&#8221;1461328897545-6227748f-d226b7be-ca10a2e5-e62664c3-d0664fac-db16&#8243;][vc_column_text]At present, the Member States are:<\/p>\n<p>Algeria, Angola, Benin, Burkina Faso, Burundi, Cameroun, Cap Vert, Congo, C\u00f4te d\u2019Ivoire, Djibouti, Gabon, (The) Gambia, Ghana, Guinea (Conakry), Guinea Bissau, Liberia, Libya, Madagascar, Mali, Morocco, Mauritania, Namibia, Niger, Nigeria, Central African Republic, Democratic Republic of Congo, Sao Tome &amp; Principe, Senegal, Sierra Leone, Somalia, Sudan, Tchad, Togo, Tunisia, Zambia, Zimbabwe.[\/vc_column_text][\/vc_tta_section][vc_tta_section title=&#8221;What is our vision?&#8221; tab_id=&#8221;1461328919259-f69cd27c-5029b7be-ca10a2e5-e62664c3-d0664fac-db16&#8243;][vc_column_text]<\/p>\n<div class=\"l-canvas sidebar_none type_wide wpml_lang_fr\">\n<div class=\"l-main\">\n<div class=\"l-main-h i-cf\">\n<p>\u00catre une institution panafricaine authentique et universelle, au service des grands objectifs de progr\u00e8s et d\u2019int\u00e9gration multiforme de l\u2019Afrique.<\/p>\n<section class=\"l-section wpb_row height_medium\">\n<div class=\"l-section-h i-cf\">\n<div class=\"g-cols vc_row type_default valign_top\">\n<div class=\"vc_col-sm-12 wpb_column vc_column_container\">\n<div class=\"vc_column-inner\">\n<div class=\"wpb_wrapper\">\n<div class=\"w-tabs navpos_left navwidth_auto title_left layout_ver icon_chevron iconpos_right initialized\">\n<div class=\"w-tabs-sections\">\n<div class=\"w-tabs-sections-h\">\n<div id=\"1580861774277-5c54de4a-120c\" class=\"w-tabs-section\"><\/div>\n<div id=\"1580861775278-240389d5-ba06\" class=\"w-tabs-section\"><\/div>\n<div id=\"1580861832562-c9fd7a70-5dd7\" class=\"w-tabs-section\"><\/div>\n<\/div>\n<\/div>\n<\/div>\n<\/div>\n<\/div>\n<\/div>\n<\/div>\n<\/div>\n<\/section>\n<p>&nbsp;<\/p>\n<\/div>\n<\/div>\n<\/div>\n<footer class=\"l-footer\">\n<section class=\"l-section wpb_row height_medium color_footer-bottom\">\n<div class=\"l-section-h i-cf\">\n<div class=\"g-cols vc_row type_default valign_top\">\n<div class=\"vc_col-sm-3 wpb_column vc_column_container\">\n<div class=\"vc_column-inner\">\n<div class=\"wpb_wrapper\">\n<div class=\"wpb_text_column \">\n<div class=\"wpb_wrapper\"><\/div>\n<\/div>\n<\/div>\n<\/div>\n<\/div>\n<\/div>\n<\/div>\n<\/section>\n<\/footer>\n<div id=\"gtx-trans\">\n<div class=\"gtx-trans-icon\"><\/div>\n<\/div>\n<p>[\/vc_column_text][\/vc_tta_section][\/vc_tta_accordion][stm_spacing lg_spacing=&#8221;77&#8243; md_spacing=&#8221;77&#8243; sm_spacing=&#8221;60&#8243; xs_spacing=&#8221;60&#8243;][\/vc_column][\/vc_row][vc_row full_width=&#8221;stretch_row&#8221; css=&#8221;.vc_custom_1737308787089{margin-top: -20px !important;background-color: #f3f3f3 !important;}&#8221;][vc_column][stm_spacing lg_spacing=&#8221;75&#8243; md_spacing=&#8221;75&#8243; sm_spacing=&#8221;60&#8243; xs_spacing=&#8221;60&#8243;][vc_custom_heading stm_title_font_weight=&#8221;500&#8243; text=&#8221;CAFRAD Member States&#8221; font_container=&#8221;tag:h1|text_align:center|color:%23ffc80a&#8221; use_theme_fonts=&#8221;yes&#8221;][vc_single_image image=&#8221;8163&#8243; img_size=&#8221;full&#8221;][stm_spacing lg_spacing=&#8221;67&#8243; md_spacing=&#8221;67&#8243; sm_spacing=&#8221;60&#8243; xs_spacing=&#8221;60&#8243;][\/vc_column][\/vc_row][vc_row][vc_column][stm_spacing lg_spacing=&#8221;67&#8243; md_spacing=&#8221;67&#8243; sm_spacing=&#8221;60&#8243; xs_spacing=&#8221;60&#8243;][vc_custom_heading stm_title_font_weight=&#8221;500&#8243; text=&#8221;Our publications&#8221; font_container=&#8221;tag:h1|text_align:center|color:%23ffc80a&#8221; use_theme_fonts=&#8221;yes&#8221; link=&#8221;url:https%3A%2F%2Fcafrad.io%2Fen%2Four-courses%2F|title:our%20courses&#8221;][vc_basic_grid post_type=&#8221;post&#8221; max_items=&#8221;3&#8243; style=&#8221;lazy&#8221; item=&#8221;6451&#8243; initial_loading_animation=&#8221;none&#8221; grid_id=&#8221;vc_gid:1762862629629-a85ca7e8-1124-2&#8243; taxonomies=&#8221;142&#8243;][vc_btn title=&#8221;Show More&#8221; color=&#8221;warning&#8221; size=&#8221;lg&#8221; align=&#8221;center&#8221; i_align=&#8221;right&#8221; i_icon_fontawesome=&#8221;stm-stm14_right_arrow&#8221; add_icon=&#8221;true&#8221; link=&#8221;url:https%3A%2F%2Fcafrad.io%2Fen%2Fpublications%2F|target:_blank&#8221;][vc_empty_space height=&#8221;20px&#8221;][\/vc_column][\/vc_row][vc_row full_width=&#8221;stretch_row&#8221; equal_height=&#8221;yes&#8221; css_animation=&#8221;zoomIn&#8221; css=&#8221;.vc_custom_1602197100860{padding-top: 53px !important;padding-bottom: 70px !important;background-color: #1d858b !important;}&#8221;][vc_column][vc_empty_space height=&#8221;20px&#8221;][vc_custom_heading stm_title_font_weight=&#8221;500&#8243; text=&#8221;Main Areas of Intervention&#8221; font_container=&#8221;tag:h1|text_align:center|color:%23ffc80a&#8221; use_theme_fonts=&#8221;yes&#8221;][vc_empty_space height=&#8221;35px&#8221;][vc_row_inner equal_height=&#8221;yes&#8221; content_placement=&#8221;middle&#8221; gap=&#8221;3&#8243;][vc_column_inner width=&#8221;1\/4&#8243;][stm_icon_box box_style=&#8221;style_4&#8243; alignment=&#8221;center&#8221; icon=&#8221;stm-idea&#8221; icon_size=&#8221;50&#8243; icon_color=&#8221;custom&#8221; icon_color_custom=&#8221;#ffffff&#8221; icon_line_height=&#8221;70&#8243; css=&#8221;.vc_custom_1666739136177{background-color: #ffc80a !important;border-radius: 5px !important;}&#8221;]<\/p>\n<h5 class=\"font-color_base\"><span style=\"color: #000000;\">Innovation, modernization, and reinvention of the Public Sector and Governance<\/span><\/h5>\n<p>[\/stm_icon_box][\/vc_column_inner][vc_column_inner width=&#8221;1\/4&#8243;][stm_icon_box box_style=&#8221;style_4&#8243; alignment=&#8221;center&#8221; icon=&#8221;fa fa-line-chart&#8221; icon_size=&#8221;50&#8243; icon_color=&#8221;custom&#8221; icon_color_custom=&#8221;#ffffff&#8221; icon_line_height=&#8221;70&#8243; css=&#8221;.vc_custom_1602197141621{background-color: #ffc80a !important;border-radius: 5px !important;}&#8221;]<\/p>\n<h5><span style=\"color: #000000;\">Improvement of Performance and Productivity in the Public Sector as well as State Agencies<\/span><\/h5>\n<p>[\/stm_icon_box][\/vc_column_inner][vc_column_inner width=&#8221;1\/4&#8243;][stm_icon_box box_style=&#8221;style_4&#8243; alignment=&#8221;center&#8221; icon=&#8221;stm-ppl_outline&#8221; icon_size=&#8221;55&#8243; icon_color=&#8221;custom&#8221; icon_color_custom=&#8221;#ffffff&#8221; icon_line_height=&#8221;70&#8243; css=&#8221;.vc_custom_1602196894452{background-color: #ffc80a !important;border-radius: 5px !important;}&#8221;]<\/p>\n<h5><span style=\"color: #000000;\">Negotiation, conflict-resolution and post-conflict reconstruction of public services<\/span><\/h5>\n<p>[\/stm_icon_box][\/vc_column_inner][vc_column_inner width=&#8221;1\/4&#8243;][stm_icon_box box_style=&#8221;style_4&#8243; alignment=&#8221;center&#8221; icon=&#8221;fa fa-balance-scale&#8221; icon_size=&#8221;50&#8243; icon_color=&#8221;custom&#8221; icon_color_custom=&#8221;#ffffff&#8221; icon_line_height=&#8221;70&#8243; css=&#8221;.vc_custom_1602196925975{background-color: #ffc80a !important;border-radius: 5px !important;}&#8221;]<\/p>\n<h5><span style=\"color: #000000;\">Promoting Responsible Public Governance, Ethics and Professionalism in the Public Service<\/span><\/h5>\n<p>[\/stm_icon_box][\/vc_column_inner][\/vc_row_inner][\/vc_column][\/vc_row][vc_row][vc_column][vc_empty_space][\/vc_column][\/vc_row][vc_row full_width=&#8221;stretch_row&#8221; content_placement=&#8221;middle&#8221; css=&#8221;.vc_custom_1602192271768{margin-right: 30px !important;}&#8221;][vc_column][vc_custom_heading stm_title_font_weight=&#8221;500&#8243; text=&#8221;Our Partners&#8221; font_container=&#8221;tag:h1|text_align:center|color:%23ffc80a&#8221; use_theme_fonts=&#8221;yes&#8221;][vc_empty_space height=&#8221;40px&#8221;][vc_empty_space height=&#8221;35px&#8221;][vc_images_carousel images=&#8221;10530,10527,10436,10439,10443,10446,10449,10452,10455,10467,10461,10470,10476,10479,10482,10485,10488,10491,10494,10497,10500,10503,10512,10515,10518,10521,10524&#8243; img_size=&#8221;large&#8221; onclick=&#8221;custom_link&#8221; custom_links_target=&#8221;_blank&#8221; speed=&#8221;3000&#8243; slides_per_view=&#8221;6&#8243; autoplay=&#8221;yes&#8221; hide_pagination_control=&#8221;yes&#8221; wrap=&#8221;yes&#8221; css_animation=&#8221;appear&#8221;][vc_empty_space height=&#8221;70px&#8221;][\/vc_column][\/vc_row][vc_row full_width=&#8221;stretch_row&#8221; gap=&#8221;10&#8243; css_animation=&#8221;fadeIn&#8221; css=&#8221;.vc_custom_1602107776017{background-color: #ffc80a !important;}&#8221;][vc_column][vc_empty_space height=&#8221;30px&#8221;][vc_custom_heading stm_title_font_weight=&#8221;600&#8243; text=&#8221;LE CAFRAD EN CHIFFRES&#8221; font_container=&#8221;tag:h1|text_align:center|color:%23000000&#8243; google_fonts=&#8221;font_family:Open%20Sans%3A300%2C300italic%2Cregular%2Citalic%2C600%2C600italic%2C700%2C700italic%2C800%2C800italic|font_style:700%20bold%20regular%3A700%3Anormal&#8221;][vc_row_inner][vc_column_inner width=&#8221;1\/4&#8243;][stm_animation_block animation=&#8221;fadeInUp&#8221; animation_duration=&#8221;0.3&#8243; animation_delay=&#8221;0&#8243;][stm_stats_counter stat_counter_style=&#8221;style_3&#8243; counter_value=&#8221;36&#8243; alignment=&#8221;center&#8221; title=&#8221;\u00c9tats Membres&#8221;][\/stm_animation_block][stm_spacing xs_spacing=&#8221;30&#8243;][\/vc_column_inner][vc_column_inner width=&#8221;1\/4&#8243;][stm_animation_block animation=&#8221;fadeInUp&#8221; animation_duration=&#8221;0.3&#8243; animation_delay=&#8221;0&#8243;][stm_stats_counter stat_counter_style=&#8221;style_3&#8243; counter_value=&#8221;125&#8243; alignment=&#8221;center&#8221; title=&#8221;Agreements granted&#8221;][\/stm_animation_block][stm_spacing xs_spacing=&#8221;30&#8243;][\/vc_column_inner][vc_column_inner width=&#8221;1\/4&#8243;][stm_animation_block animation=&#8221;fadeInUp&#8221; animation_duration=&#8221;0.3&#8243; animation_delay=&#8221;0&#8243;][stm_stats_counter stat_counter_style=&#8221;style_3&#8243; counter_value=&#8221;344&#8243; alignment=&#8221;center&#8221; title=&#8221;Completed projects&#8221;][\/stm_animation_block][stm_spacing xs_spacing=&#8221;30&#8243;][\/vc_column_inner][vc_column_inner width=&#8221;1\/4&#8243;][stm_animation_block animation=&#8221;fadeInUp&#8221; animation_duration=&#8221;0.3&#8243; animation_delay=&#8221;0&#8243;][stm_stats_counter stat_counter_style=&#8221;style_3&#8243; counter_value=&#8221;10256&#8243; alignment=&#8221;center&#8221; title=&#8221;Participants&#8221;][\/stm_animation_block][\/vc_column_inner][\/vc_row_inner][stm_spacing lg_spacing=&#8221;90&#8243; md_spacing=&#8221;90&#8243; sm_spacing=&#8221;70&#8243; xs_spacing=&#8221;50&#8243;][\/vc_column][\/vc_row][vc_row full_width=&#8221;stretch_row_content_no_spaces&#8221; css=&#8221;.vc_custom_1602106994001{margin-top: -40px !important;margin-bottom: -70px !important;}&#8221;][vc_column][stm_spacing lg_spacing=&#8221;50&#8243; md_spacing=&#8221;50&#8243; sm_spacing=&#8221;50&#8243; xs_spacing=&#8221;50&#8243;][\/vc_column][\/vc_row]<\/p>\n<\/section>","protected":false},"excerpt":{"rendered":"<p>[vc_row full_width=&#8221;stretch_row&#8221; css=&#8221;.vc_custom_1602459695618{background-color: #f7f7f7 !important;}&#8221;][vc_column][stm_spacing lg_spacing=&#8221;80&#8243; md_spacing=&#8221;80&#8243; sm_spacing=&#8221;70&#8243; xs_spacing=&#8221;60&#8243;][vc_single_image image=&#8221;8206&#8243; img_size=&#8221;full&#8221;][vc_column_text] Dr. Coffi Dieudonn\u00e9 ASSOUVI, Director General of the African Center for Administrative Training and Research for Development (CAFRAD) [\/vc_column_text][\/vc_column][vc_column][stm_spacing lg_spacing=&#8221;80&#8243; md_spacing=&#8221;80&#8243; sm_spacing=&#8221;70&#8243; xs_spacing=&#8221;60&#8243;][vc_custom_heading stm_title_font_weight=&#8221;500&#8243; text=&#8221;Recent News&#8221; font_container=&#8221;tag:h1|text_align:center|color:%23ffc80a&#8221; use_theme_fonts=&#8221;yes&#8221;][stm_spacing lg_spacing=&#8221;50&#8243; md_spacing=&#8221;50&#8243; sm_spacing=&#8221;30&#8243; xs_spacing=&#8221;20&#8243;][stm_news loop=&#8221;size:3|post_type:post|categories:121&#8243; posts_per_row=&#8221;3&#8243;][vc_btn title=&#8221;Show More&#8221; color=&#8221;warning&#8221; size=&#8221;lg&#8221; align=&#8221;center&#8221; i_align=&#8221;right&#8221; i_icon_fontawesome=&#8221;&#8221; add_icon=&#8221;true&#8221; link=&#8221;url:https%3A%2F%2Fcafrad.io%2Fen%2Fnews%2F|target:_blank&#8221;][stm_spacing lg_spacing=&#8221;47&#8243;<\/p>\n","protected":false},"author":1,"featured_media":0,"parent":0,"menu_order":0,"comment_status":"closed","ping_status":"closed","template":"","meta":[],"_links":{"self":[{"href":"https:\/\/cafrad.io\/en\/wp-json\/wp\/v2\/pages\/5187"}],"collection":[{"href":"https:\/\/cafrad.io\/en\/wp-json\/wp\/v2\/pages"}],"about":[{"href":"https:\/\/cafrad.io\/en\/wp-json\/wp\/v2\/types\/page"}],"author":[{"embeddable":true,"href":"https:\/\/cafrad.io\/en\/wp-json\/wp\/v2\/users\/1"}],"replies":[{"embeddable":true,"href":"https:\/\/cafrad.io\/en\/wp-json\/wp\/v2\/comments?post=5187"}],"version-history":[{"count":73,"href":"https:\/\/cafrad.io\/en\/wp-json\/wp\/v2\/pages\/5187\/revisions"}],"predecessor-version":[{"id":10936,"href":"https:\/\/cafrad.io\/en\/wp-json\/wp\/v2\/pages\/5187\/revisions\/10936"}],"wp:attachment":[{"href":"https:\/\/cafrad.io\/en\/wp-json\/wp\/v2\/media?parent=5187"}],"curies":[{"name":"wp","href":"https:\/\/api.w.org\/{rel}","templated":true}]}}