{"id":5248,"date":"2020-10-10T14:36:00","date_gmt":"2020-10-10T14:36:00","guid":{"rendered":"http:\/\/cafrad.international\/presse-talks-about-cafrad\/"},"modified":"2025-07-12T16:46:07","modified_gmt":"2025-07-12T16:46:07","slug":"presse-talks-about-cafrad","status":"publish","type":"page","link":"https:\/\/cafrad.io\/en\/presse-talks-about-cafrad\/","title":{"rendered":"PRESS TALKS ABOUT CAFRAD"},"content":{"rendered":"<section class=\"wpb-content-wrapper\"><p>[vc_row][vc_column][vc_empty_space height=&#8221;60px&#8221;][vc_custom_heading stripe_pos=&#8221;hide&#8221; stm_title_font_weight=&#8221;400&#8243; text=&#8221;ICESCO and CAFRAD Agree to Promote Partnership&#8221; font_container=&#8221;tag:h4|text_align:left&#8221; google_fonts=&#8221;font_family:Poppins%3A300%2Cregular%2C500%2C600%2C700|font_style:300%20light%3A300%3Anormal&#8221; link=&#8221;url:https%3A%2F%2Fwww.icesco.org%2Fen%2F2021%2F02%2F05%2Ficesco-and-cafrad-agree-to-promote-partnership%2F%3Ffbclid%3DIwAR1eRYUgdT_pfQiq-FK5Gj3UzUZ7hvBmbmZSbTbDnWNUwGcMbJs4laQ6Kw0||target:%20_blank|&#8221;][vc_empty_space height=&#8221;3px&#8221;][\/vc_column][\/vc_row][vc_row full_width=&#8221;stretch_row&#8221; css=&#8221;.vc_custom_1602188712603{margin-bottom: -60px !important;background-color: #ffc80a !important;}&#8221;][vc_column][vc_cta h2=&#8221;Envie D&#8217;\u00eatre Renseign\u00e9 Sur Tous Les \u00e9v\u00e9nements du CAFRAD?&#8221; h2_font_container=&#8221;font_size:24px|color:%23000000|line_height:24px&#8221; h2_use_theme_fonts=&#8221;yes&#8221; shape=&#8221;square&#8221; style=&#8221;flat&#8221; add_button=&#8221;right&#8221; btn_title=&#8221;Nos \u00e9v\u00e9nements&#8221; btn_style=&#8221;flat&#8221; btn_color=&#8221;theme_style_2&#8243; btn_align=&#8221;right&#8221; btn_i_align=&#8221;right&#8221; btn_i_icon_fontawesome=&#8221;fa fa-chevron-right&#8221; use_custom_fonts_h2=&#8221;true&#8221; btn_button_block=&#8221;true&#8221; btn_add_icon=&#8221;true&#8221; css=&#8221;.vc_custom_1602188703314{margin-bottom: 0px !important;background-color: #ffc80a !important;}&#8221;][\/vc_cta][\/vc_column][\/vc_row]<\/p>\n<\/section>","protected":false},"excerpt":{"rendered":"<p>[vc_row][vc_column][vc_empty_space height=&#8221;60px&#8221;][vc_custom_heading stripe_pos=&#8221;hide&#8221; stm_title_font_weight=&#8221;400&#8243; text=&#8221;ICESCO and CAFRAD Agree to Promote Partnership&#8221; font_container=&#8221;tag:h4|text_align:left&#8221; google_fonts=&#8221;font_family:Poppins%3A300%2Cregular%2C500%2C600%2C700|font_style:300%20light%3A300%3Anormal&#8221; link=&#8221;url:https%3A%2F%2Fwww.icesco.org%2Fen%2F2021%2F02%2F05%2Ficesco-and-cafrad-agree-to-promote-partnership%2F%3Ffbclid%3DIwAR1eRYUgdT_pfQiq-FK5Gj3UzUZ7hvBmbmZSbTbDnWNUwGcMbJs4laQ6Kw0||target:%20_blank|&#8221;][vc_empty_space height=&#8221;3px&#8221;][\/vc_column][\/vc_row][vc_row full_width=&#8221;stretch_row&#8221; css=&#8221;.vc_custom_1602188712603{margin-bottom: -60px !important;background-color: #ffc80a !important;}&#8221;][vc_column][vc_cta h2=&#8221;Envie D&#8217;\u00eatre Renseign\u00e9 Sur Tous Les \u00e9v\u00e9nements du CAFRAD?&#8221; h2_font_container=&#8221;font_size:24px|color:%23000000|line_height:24px&#8221; h2_use_theme_fonts=&#8221;yes&#8221; shape=&#8221;square&#8221; style=&#8221;flat&#8221; add_button=&#8221;right&#8221; btn_title=&#8221;Nos \u00e9v\u00e9nements&#8221; btn_style=&#8221;flat&#8221; btn_color=&#8221;theme_style_2&#8243; btn_align=&#8221;right&#8221; btn_i_align=&#8221;right&#8221; btn_i_icon_fontawesome=&#8221;fa fa-chevron-right&#8221; use_custom_fonts_h2=&#8221;true&#8221; btn_button_block=&#8221;true&#8221; btn_add_icon=&#8221;true&#8221; css=&#8221;.vc_custom_1602188703314{margin-bottom: 0px !important;background-color: #ffc80a !important;}&#8221;][\/vc_cta][\/vc_column][\/vc_row]<\/p>\n","protected":false},"author":1,"featured_media":0,"parent":0,"menu_order":0,"comment_status":"closed","ping_status":"closed","template":"","meta":[],"_links":{"self":[{"href":"https:\/\/cafrad.io\/en\/wp-json\/wp\/v2\/pages\/5248"}],"collection":[{"href":"https:\/\/cafrad.io\/en\/wp-json\/wp\/v2\/pages"}],"about":[{"href":"https:\/\/cafrad.io\/en\/wp-json\/wp\/v2\/types\/page"}],"author":[{"embeddable":true,"href":"https:\/\/cafrad.io\/en\/wp-json\/wp\/v2\/users\/1"}],"replies":[{"embeddable":true,"href":"https:\/\/cafrad.io\/en\/wp-json\/wp\/v2\/comments?post=5248"}],"version-history":[{"count":14,"href":"https:\/\/cafrad.io\/en\/wp-json\/wp\/v2\/pages\/5248\/revisions"}],"predecessor-version":[{"id":9936,"href":"https:\/\/cafrad.io\/en\/wp-json\/wp\/v2\/pages\/5248\/revisions\/9936"}],"wp:attachment":[{"href":"https:\/\/cafrad.io\/en\/wp-json\/wp\/v2\/media?parent=5248"}],"curies":[{"name":"wp","href":"https:\/\/api.w.org\/{rel}","templated":true}]}}