{"id":5262,"date":"2020-10-10T14:38:36","date_gmt":"2020-10-10T14:38:36","guid":{"rendered":"http:\/\/cafrad.international\/general-director4s-speeches\/"},"modified":"2025-07-12T16:44:45","modified_gmt":"2025-07-12T16:44:45","slug":"general-director4s-speeches","status":"publish","type":"page","link":"https:\/\/cafrad.io\/en\/general-director4s-speeches\/","title":{"rendered":"GENERAL DIRECTOR&#8217;S SPEECHES"},"content":{"rendered":"<section class=\"wpb-content-wrapper\"><p>[vc_row][vc_column][vc_row_inner][vc_column_inner][vc_custom_heading stripe_pos=&#8221;hide&#8221; stm_title_font_weight=&#8221;300&#8243; text=&#8221;A L\u2019occasion Du S\u00e9minaire De Haut Niveau Des Secr\u00e9taires G\u00e9n\u00e9raux Et<br \/>\nDirecteurs De Ressources Humaines.&#8221; font_container=&#8221;tag:h3|font_size:18|text_align:left|color:%23000000&#8243; use_theme_fonts=&#8221;yes&#8221;][vc_column_text]<img loading=\"lazy\" class=\"alignnone wp-image-4715\" src=\"http:\/\/cafrad.international\/wp-content\/uploads\/2020\/10\/document-eps-file-format-pdf-icon-pdf-icon-png-512_512-300x300.png\" alt=\"\" width=\"19\" height=\"19\" srcset=\"https:\/\/cafrad.io\/wp-content\/uploads\/2020\/10\/document-eps-file-format-pdf-icon-pdf-icon-png-512_512-300x300.png 300w, https:\/\/cafrad.io\/wp-content\/uploads\/2020\/10\/document-eps-file-format-pdf-icon-pdf-icon-png-512_512-150x150.png 150w, https:\/\/cafrad.io\/wp-content\/uploads\/2020\/10\/document-eps-file-format-pdf-icon-pdf-icon-png-512_512-50x50.png 50w, https:\/\/cafrad.io\/wp-content\/uploads\/2020\/10\/document-eps-file-format-pdf-icon-pdf-icon-png-512_512-320x320.png 320w, https:\/\/cafrad.io\/wp-content\/uploads\/2020\/10\/document-eps-file-format-pdf-icon-pdf-icon-png-512_512.png 512w\" sizes=\"(max-width: 19px) 100vw, 19px\" \/> <span style=\"color: #008080;\"><a style=\"color: #008080;\" href=\"http:\/\/cafrad.international\/wp-content\/uploads\/2021\/04\/Allocution-DG-CAFRAD-DRH-Tanger-Aout-2014.pdf\">Download<\/a><\/span><\/p>\n<div id=\"gtx-trans\" style=\"position: absolute; left: 105px; top: 64.575px;\">\n<div class=\"gtx-trans-icon\"><\/div>\n<\/div>\n<p>[\/vc_column_text][vc_custom_heading stripe_pos=&#8221;hide&#8221; stm_title_font_weight=&#8221;300&#8243; text=&#8221;La Femme Africaine Face Aux D\u00e9fis De La Paix Et Du D\u00e9veloppement&#8221; font_container=&#8221;tag:h3|font_size:18|text_align:left|color:%23000000&#8243; use_theme_fonts=&#8221;yes&#8221;][vc_column_text]<img loading=\"lazy\" class=\"alignnone wp-image-4715\" src=\"http:\/\/cafrad.international\/wp-content\/uploads\/2020\/10\/document-eps-file-format-pdf-icon-pdf-icon-png-512_512-300x300.png\" alt=\"\" width=\"19\" height=\"19\" srcset=\"https:\/\/cafrad.io\/wp-content\/uploads\/2020\/10\/document-eps-file-format-pdf-icon-pdf-icon-png-512_512-300x300.png 300w, https:\/\/cafrad.io\/wp-content\/uploads\/2020\/10\/document-eps-file-format-pdf-icon-pdf-icon-png-512_512-150x150.png 150w, https:\/\/cafrad.io\/wp-content\/uploads\/2020\/10\/document-eps-file-format-pdf-icon-pdf-icon-png-512_512-50x50.png 50w, https:\/\/cafrad.io\/wp-content\/uploads\/2020\/10\/document-eps-file-format-pdf-icon-pdf-icon-png-512_512-320x320.png 320w, https:\/\/cafrad.io\/wp-content\/uploads\/2020\/10\/document-eps-file-format-pdf-icon-pdf-icon-png-512_512.png 512w\" sizes=\"(max-width: 19px) 100vw, 19px\" \/> <span style=\"color: #008080;\"><a style=\"color: #008080;\" href=\"http:\/\/cafrad.international\/wp-content\/uploads\/2021\/03\/Catalogue-CAFRAD-2021-VF.pdf\">Download<\/a><\/span><\/p>\n<div id=\"gtx-trans\" style=\"position: absolute; left: 105px; top: 64.575px;\">\n<div class=\"gtx-trans-icon\"><\/div>\n<\/div>\n<p>[\/vc_column_text][vc_column_text]<\/p>\n<div id=\"gtx-trans\" style=\"position: absolute; left: 105px; top: 64.575px;\">\n<div class=\"gtx-trans-icon\"><\/div>\n<\/div>\n<p>[\/vc_column_text][\/vc_column_inner][\/vc_row_inner][vc_row_inner][vc_column_inner][vc_custom_heading stripe_pos=&#8221;hide&#8221; stm_title_font_weight=&#8221;300&#8243; text=&#8221;15e Forum Panafricain De La Modernisation De L\u2019Administration&#8221; font_container=&#8221;tag:h3|font_size:18|text_align:left|color:%23000000&#8243; use_theme_fonts=&#8221;yes&#8221;][vc_column_text]<img loading=\"lazy\" class=\"alignnone wp-image-4715\" src=\"http:\/\/cafrad.international\/wp-content\/uploads\/2020\/10\/document-eps-file-format-pdf-icon-pdf-icon-png-512_512-300x300.png\" alt=\"\" width=\"19\" height=\"19\" srcset=\"https:\/\/cafrad.io\/wp-content\/uploads\/2020\/10\/document-eps-file-format-pdf-icon-pdf-icon-png-512_512-300x300.png 300w, https:\/\/cafrad.io\/wp-content\/uploads\/2020\/10\/document-eps-file-format-pdf-icon-pdf-icon-png-512_512-150x150.png 150w, https:\/\/cafrad.io\/wp-content\/uploads\/2020\/10\/document-eps-file-format-pdf-icon-pdf-icon-png-512_512-50x50.png 50w, https:\/\/cafrad.io\/wp-content\/uploads\/2020\/10\/document-eps-file-format-pdf-icon-pdf-icon-png-512_512-320x320.png 320w, https:\/\/cafrad.io\/wp-content\/uploads\/2020\/10\/document-eps-file-format-pdf-icon-pdf-icon-png-512_512.png 512w\" sizes=\"(max-width: 19px) 100vw, 19px\" \/> <span style=\"color: #008080;\"><a style=\"color: #008080;\" href=\"http:\/\/cafrad.international\/wp-content\/uploads\/2021\/03\/Allocution-DG-9062019-Fes.pdf\">Download<\/a><\/span><\/p>\n<div id=\"gtx-trans\" style=\"position: absolute; left: 105px; top: 64.575px;\">\n<div class=\"gtx-trans-icon\"><\/div>\n<\/div>\n<p>[\/vc_column_text][vc_column_text]<\/p>\n<div id=\"gtx-trans\" style=\"position: absolute; left: 105px; top: 64.575px;\">\n<div class=\"gtx-trans-icon\"><\/div>\n<\/div>\n<p>[\/vc_column_text][vc_custom_heading stripe_pos=&#8221;hide&#8221; stm_title_font_weight=&#8221;300&#8243; text=&#8221;C\u00e9r\u00e9monie D\u2019ouverture De La \u00ab Summer School En Politiques Publiques\u00bb Organis\u00e9e Conjointement Par L\u2019International Public Policy Association, L\u2019IRIC Et Le CAFRAD&#8221; font_container=&#8221;tag:h3|font_size:18|text_align:left|color:%23000000&#8243; use_theme_fonts=&#8221;yes&#8221;][vc_column_text]<img loading=\"lazy\" class=\"alignnone wp-image-4715\" src=\"http:\/\/cafrad.international\/wp-content\/uploads\/2020\/10\/document-eps-file-format-pdf-icon-pdf-icon-png-512_512-300x300.png\" alt=\"\" width=\"19\" height=\"19\" srcset=\"https:\/\/cafrad.io\/wp-content\/uploads\/2020\/10\/document-eps-file-format-pdf-icon-pdf-icon-png-512_512-300x300.png 300w, https:\/\/cafrad.io\/wp-content\/uploads\/2020\/10\/document-eps-file-format-pdf-icon-pdf-icon-png-512_512-150x150.png 150w, https:\/\/cafrad.io\/wp-content\/uploads\/2020\/10\/document-eps-file-format-pdf-icon-pdf-icon-png-512_512-50x50.png 50w, https:\/\/cafrad.io\/wp-content\/uploads\/2020\/10\/document-eps-file-format-pdf-icon-pdf-icon-png-512_512-320x320.png 320w, https:\/\/cafrad.io\/wp-content\/uploads\/2020\/10\/document-eps-file-format-pdf-icon-pdf-icon-png-512_512.png 512w\" sizes=\"(max-width: 19px) 100vw, 19px\" \/> <span style=\"color: #008080;\"><a style=\"color: #008080;\" href=\"http:\/\/cafrad.international\/wp-content\/uploads\/2021\/04\/Allocution-DG-IPPA-IRIC-CAFRAD-2019.pdf\">Download<\/a><\/span><\/p>\n<div id=\"gtx-trans\" style=\"position: absolute; left: 105px; top: 64.575px;\">\n<div class=\"gtx-trans-icon\"><\/div>\n<\/div>\n<p>[\/vc_column_text][vc_column_text]<\/p>\n<div id=\"gtx-trans\" style=\"position: absolute; left: 105px; top: 64.575px;\">\n<div class=\"gtx-trans-icon\"><\/div>\n<\/div>\n<p>[\/vc_column_text][\/vc_column_inner][\/vc_row_inner][vc_row_inner][vc_column_inner][vc_custom_heading stripe_pos=&#8221;hide&#8221; stm_title_font_weight=&#8221;300&#8243; text=&#8221;LA TRANSFORMATION DE LA GOUVERNANCE POUR UNE REALISATION OPTIMALE DES OBJECTIFS DE DEVELOPPEMENT DURABLE&#8221; font_container=&#8221;tag:h3|font_size:18|text_align:left|color:%23000000&#8243; use_theme_fonts=&#8221;yes&#8221;][vc_column_text]<img loading=\"lazy\" class=\"alignnone wp-image-4715\" src=\"http:\/\/cafrad.international\/wp-content\/uploads\/2020\/10\/document-eps-file-format-pdf-icon-pdf-icon-png-512_512-300x300.png\" alt=\"\" width=\"19\" height=\"19\" srcset=\"https:\/\/cafrad.io\/wp-content\/uploads\/2020\/10\/document-eps-file-format-pdf-icon-pdf-icon-png-512_512-300x300.png 300w, https:\/\/cafrad.io\/wp-content\/uploads\/2020\/10\/document-eps-file-format-pdf-icon-pdf-icon-png-512_512-150x150.png 150w, https:\/\/cafrad.io\/wp-content\/uploads\/2020\/10\/document-eps-file-format-pdf-icon-pdf-icon-png-512_512-50x50.png 50w, https:\/\/cafrad.io\/wp-content\/uploads\/2020\/10\/document-eps-file-format-pdf-icon-pdf-icon-png-512_512-320x320.png 320w, https:\/\/cafrad.io\/wp-content\/uploads\/2020\/10\/document-eps-file-format-pdf-icon-pdf-icon-png-512_512.png 512w\" sizes=\"(max-width: 19px) 100vw, 19px\" \/> <span style=\"color: #008080;\"><a style=\"color: #008080;\" href=\"http:\/\/cafrad.international\/wp-content\/uploads\/2021\/04\/Allocution-du-directeur-general-du-CAFRAD-M.-Stephane-MONNEY-MOUANDJO.pdf\">Download<\/a><\/span><\/p>\n<div id=\"gtx-trans\" style=\"position: absolute; left: 105px; top: 64.575px;\">\n<div class=\"gtx-trans-icon\"><\/div>\n<\/div>\n<p>[\/vc_column_text][vc_column_text]<\/p>\n<div id=\"gtx-trans\" style=\"position: absolute; left: 105px; top: 64.575px;\">\n<div class=\"gtx-trans-icon\"><\/div>\n<\/div>\n<p>[\/vc_column_text][vc_custom_heading stripe_pos=&#8221;hide&#8221; stm_title_font_weight=&#8221;300&#8243; text=&#8221;La Gouvernance Et Fragilit\u00e9s En Afrique Et Au Moyen-Orient&#8221; font_container=&#8221;tag:h3|font_size:18|text_align:left|color:%23000000&#8243; use_theme_fonts=&#8221;yes&#8221;][vc_column_text]<img loading=\"lazy\" class=\"alignnone wp-image-4715\" src=\"http:\/\/cafrad.international\/wp-content\/uploads\/2020\/10\/document-eps-file-format-pdf-icon-pdf-icon-png-512_512-300x300.png\" alt=\"\" width=\"19\" height=\"19\" srcset=\"https:\/\/cafrad.io\/wp-content\/uploads\/2020\/10\/document-eps-file-format-pdf-icon-pdf-icon-png-512_512-300x300.png 300w, https:\/\/cafrad.io\/wp-content\/uploads\/2020\/10\/document-eps-file-format-pdf-icon-pdf-icon-png-512_512-150x150.png 150w, https:\/\/cafrad.io\/wp-content\/uploads\/2020\/10\/document-eps-file-format-pdf-icon-pdf-icon-png-512_512-50x50.png 50w, https:\/\/cafrad.io\/wp-content\/uploads\/2020\/10\/document-eps-file-format-pdf-icon-pdf-icon-png-512_512-320x320.png 320w, https:\/\/cafrad.io\/wp-content\/uploads\/2020\/10\/document-eps-file-format-pdf-icon-pdf-icon-png-512_512.png 512w\" sizes=\"(max-width: 19px) 100vw, 19px\" \/> <span style=\"color: #008080;\"><a style=\"color: #008080;\" href=\"http:\/\/cafrad.international\/wp-content\/uploads\/2021\/04\/Allocution-Marrakech..pdf\">Download<\/a><\/span><\/p>\n<div id=\"gtx-trans\" style=\"position: absolute; left: 105px; top: 64.575px;\">\n<div class=\"gtx-trans-icon\"><\/div>\n<\/div>\n<p>[\/vc_column_text][vc_column_text]<\/p>\n<div id=\"gtx-trans\" style=\"position: absolute; left: 105px; top: 64.575px;\">\n<div class=\"gtx-trans-icon\"><\/div>\n<\/div>\n<p>[\/vc_column_text][\/vc_column_inner][\/vc_row_inner][vc_row_inner][vc_column_inner width=&#8221;1\/2&#8243;][vc_custom_heading stripe_pos=&#8221;hide&#8221; stm_title_font_weight=&#8221;300&#8243; text=&#8221;&#8221; font_container=&#8221;tag:h3|font_size:18|text_align:left|color:%23000000&#8243; use_theme_fonts=&#8221;yes&#8221;][vc_column_text]<\/p>\n<div id=\"gtx-trans\" style=\"position: absolute; left: 105px; top: 64.575px;\">\n<div class=\"gtx-trans-icon\"><\/div>\n<\/div>\n<p>[\/vc_column_text][\/vc_column_inner][vc_column_inner width=&#8221;1\/2&#8243;][vc_custom_heading stripe_pos=&#8221;hide&#8221; stm_title_font_weight=&#8221;300&#8243; text=&#8221;&#8221; font_container=&#8221;tag:h3|font_size:18|text_align:left|color:%23000000&#8243; use_theme_fonts=&#8221;yes&#8221;][vc_column_text]<\/p>\n<div id=\"gtx-trans\" style=\"position: absolute; left: 105px; top: 64.575px;\">\n<div class=\"gtx-trans-icon\"><\/div>\n<\/div>\n<p>[\/vc_column_text][\/vc_column_inner][\/vc_row_inner][vc_row_inner][vc_column_inner width=&#8221;1\/2&#8243;][vc_custom_heading stripe_pos=&#8221;hide&#8221; stm_title_font_weight=&#8221;300&#8243; text=&#8221;&#8221; font_container=&#8221;tag:h3|font_size:18|text_align:left|color:%23000000&#8243; use_theme_fonts=&#8221;yes&#8221;][vc_column_text]<\/p>\n<div id=\"gtx-trans\" style=\"position: absolute; left: 105px; top: 64.575px;\">\n<div class=\"gtx-trans-icon\"><\/div>\n<\/div>\n<p>[\/vc_column_text][\/vc_column_inner][vc_column_inner width=&#8221;1\/2&#8243;][vc_custom_heading stripe_pos=&#8221;hide&#8221; stm_title_font_weight=&#8221;300&#8243; text=&#8221;&#8221; font_container=&#8221;tag:h3|font_size:18|text_align:left|color:%23000000&#8243; use_theme_fonts=&#8221;yes&#8221;][vc_column_text]<\/p>\n<div id=\"gtx-trans\" style=\"position: absolute; left: 105px; top: 64.575px;\">\n<div class=\"gtx-trans-icon\"><\/div>\n<\/div>\n<p>[\/vc_column_text][\/vc_column_inner][\/vc_row_inner][\/vc_column][\/vc_row][vc_row][vc_column][vc_empty_space height=&#8221;40px&#8221;][\/vc_column][\/vc_row][vc_row full_width=&#8221;stretch_row&#8221; css=&#8221;.vc_custom_1602188819863{margin-bottom: -60px !important;background-color: #ffc80a !important;}&#8221;][vc_column][vc_cta h2=&#8221;Do You Want To Learn More About CAFRAD Events?&#8221; h2_font_container=&#8221;font_size:24px|color:%23000000|line_height:24px&#8221; h2_use_theme_fonts=&#8221;yes&#8221; shape=&#8221;square&#8221; style=&#8221;flat&#8221; add_button=&#8221;right&#8221; btn_title=&#8221;Our Events&#8221; btn_style=&#8221;flat&#8221; btn_color=&#8221;theme_style_2&#8243; btn_align=&#8221;right&#8221; btn_i_align=&#8221;right&#8221; btn_i_icon_fontawesome=&#8221;fa fa-chevron-right&#8221; use_custom_fonts_h2=&#8221;true&#8221; btn_button_block=&#8221;true&#8221; btn_add_icon=&#8221;true&#8221; css=&#8221;.vc_custom_1602188810736{margin-bottom: 0px !important;background-color: #ffc80a !important;}&#8221;][\/vc_cta][\/vc_column][\/vc_row]<\/p>\n<\/section>","protected":false},"excerpt":{"rendered":"<p>[vc_row][vc_column][vc_row_inner][vc_column_inner][vc_custom_heading stripe_pos=&#8221;hide&#8221; stm_title_font_weight=&#8221;300&#8243; text=&#8221;A L\u2019occasion Du S\u00e9minaire De Haut Niveau Des Secr\u00e9taires G\u00e9n\u00e9raux Et Directeurs De Ressources Humaines.&#8221; font_container=&#8221;tag:h3|font_size:18|text_align:left|color:%23000000&#8243; use_theme_fonts=&#8221;yes&#8221;][vc_column_text] Download [\/vc_column_text][vc_custom_heading stripe_pos=&#8221;hide&#8221; stm_title_font_weight=&#8221;300&#8243; text=&#8221;La Femme Africaine Face Aux D\u00e9fis De La Paix Et Du D\u00e9veloppement&#8221; font_container=&#8221;tag:h3|font_size:18|text_align:left|color:%23000000&#8243; use_theme_fonts=&#8221;yes&#8221;][vc_column_text] Download [\/vc_column_text][vc_column_text] [\/vc_column_text][\/vc_column_inner][\/vc_row_inner][vc_row_inner][vc_column_inner][vc_custom_heading stripe_pos=&#8221;hide&#8221; stm_title_font_weight=&#8221;300&#8243; text=&#8221;15e Forum Panafricain De La Modernisation De L\u2019Administration&#8221; font_container=&#8221;tag:h3|font_size:18|text_align:left|color:%23000000&#8243; use_theme_fonts=&#8221;yes&#8221;][vc_column_text] Download [\/vc_column_text][vc_column_text]<\/p>\n","protected":false},"author":1,"featured_media":0,"parent":0,"menu_order":0,"comment_status":"closed","ping_status":"closed","template":"","meta":[],"_links":{"self":[{"href":"https:\/\/cafrad.io\/en\/wp-json\/wp\/v2\/pages\/5262"}],"collection":[{"href":"https:\/\/cafrad.io\/en\/wp-json\/wp\/v2\/pages"}],"about":[{"href":"https:\/\/cafrad.io\/en\/wp-json\/wp\/v2\/types\/page"}],"author":[{"embeddable":true,"href":"https:\/\/cafrad.io\/en\/wp-json\/wp\/v2\/users\/1"}],"replies":[{"embeddable":true,"href":"https:\/\/cafrad.io\/en\/wp-json\/wp\/v2\/comments?post=5262"}],"version-history":[{"count":9,"href":"https:\/\/cafrad.io\/en\/wp-json\/wp\/v2\/pages\/5262\/revisions"}],"predecessor-version":[{"id":9933,"href":"https:\/\/cafrad.io\/en\/wp-json\/wp\/v2\/pages\/5262\/revisions\/9933"}],"wp:attachment":[{"href":"https:\/\/cafrad.io\/en\/wp-json\/wp\/v2\/media?parent=5262"}],"curies":[{"name":"wp","href":"https:\/\/api.w.org\/{rel}","templated":true}]}}