{"id":9942,"date":"2025-07-12T20:53:15","date_gmt":"2025-07-12T20:53:15","guid":{"rendered":"https:\/\/cafrad.io\/?page_id=9942"},"modified":"2025-07-14T12:28:26","modified_gmt":"2025-07-14T12:28:26","slug":"16th-pan-african-forum","status":"publish","type":"page","link":"https:\/\/cafrad.io\/en\/16th-pan-african-forum\/","title":{"rendered":"16th Pan-African Forum"},"content":{"rendered":"<section class=\"wpb-content-wrapper\"><p>[vc_row][vc_column][vc_single_image image=&#8221;9788&#8243; img_size=&#8221;LARGE&#8221;][vc_column_text css=&#8221;.vc_custom_1752353660762{margin-bottom: 20px !important;}&#8221;]<\/p>\n<div dir=\"auto\">\n<p style=\"text-align: justify;\"><span style=\"color: #000000;\"><strong>Date:<\/strong> July 15, 2025<\/span><br \/>\n<span style=\"color: #000000;\"><strong>Venue:<\/strong> Conference Hall, CAFRAD Headquarters, Rabat, Morocco<\/span><br \/>\n<span style=\"color: #000000;\"><strong>Time:<\/strong> 9:00 a.m. to 5:00 p.m. (Morocco time)<\/span><br \/>\n<span style=\"color: #000000;\"><strong>Moderator:<\/strong><\/span><br \/>\n<span style=\"color: #000000;\">Mr. Belkacem BOUTAYEB, President of the \u201cM\u00e8re Afrique 2030\u201d Foundation, Expert, Consultant, and Media Commentator<\/span><\/p>\n<p style=\"text-align: justify;\"><span style=\"color: #000000;\"><strong>8:45 a.m.:<\/strong> Arrival and seating of participants<\/span><br \/>\n<span style=\"color: #000000;\"><strong>9:00 a.m.:<\/strong> Opening of the Forum<\/span><br \/>\n<span style=\"color: #000000;\"><strong>Agenda of the Forum (provisional) <\/strong><\/span><\/p>\n<table width=\"1194\">\n<tbody>\n<tr>\n<td width=\"53\"><span style=\"color: #000000;\"><strong>N\u00b0<\/strong><\/span><\/td>\n<td width=\"479\"><span style=\"color: #000000;\"><strong>Session<\/strong><\/span><\/td>\n<td width=\"484\"><span style=\"color: #000000;\"><strong>Speaker<\/strong><\/span><\/td>\n<td width=\"177\"><span style=\"color: #000000;\"><strong>Duration<\/strong><\/span><\/td>\n<\/tr>\n<tr>\n<td width=\"53\"><span style=\"color: #000000;\">0<\/span><\/td>\n<td width=\"479\"><span style=\"color: #000000;\">Welcome Address and Official Opening of the Forum<\/span><\/td>\n<td width=\"484\"><span style=\"color: #000000;\">Pr. Amal EL FALLAH SEGHROUCHNI<\/span><\/td>\n<td width=\"177\"><span style=\"color: #000000;\">15 mn<\/span><\/td>\n<\/tr>\n<tr>\n<td width=\"53\"><span style=\"color: #000000;\">0\u2019<\/span><\/td>\n<td width=\"479\"><span style=\"color: #000000;\">Keynote Address by the Guest of Honour<\/span><\/td>\n<td width=\"484\"><span style=\"color: #000000;\">His Excellency Mr. Nasser Bourita, Minister of Foreign Affairs, African Cooperation and Moroccan Expatriates<\/span><\/td>\n<td width=\"177\"><span style=\"color: #000000;\">15 mn<\/span><\/td>\n<\/tr>\n<tr>\n<td width=\"53\"><span style=\"color: #000000;\">0\u2019\u2019<\/span><\/td>\n<td width=\"479\"><span style=\"color: #000000;\">Presentation of the Forum Objectives<\/span><\/td>\n<td width=\"484\"><span style=\"color: #000000;\">Dr. Coffi Dieudonn\u00e9 ASSOUVI, Director general of CAFRAD<\/span><\/td>\n<td width=\"177\"><span style=\"color: #000000;\">5 mn<\/span><\/td>\n<\/tr>\n<tr>\n<td width=\"53\"><span style=\"color: #000000;\">1<\/span><\/td>\n<td width=\"479\"><span style=\"color: #000000;\">SDGs as Instruments for Modernizing Public Administration: Review and Prospects of SDG Implementation in Africa<\/span><\/td>\n<td width=\"484\"><span style=\"color: #000000;\">Ms. Ilaria Carnevali, UNDP Resident Representative in Rabat<\/span><\/td>\n<td width=\"177\"><span style=\"color: #000000;\">20 mn<\/span><\/td>\n<\/tr>\n<tr>\n<td width=\"53\"><span style=\"color: #000000;\">2<\/span><\/td>\n<td width=\"479\"><span style=\"color: #000000;\">Agile, Environmental, and Sustainable Leadership for the Implementation of the SDGs<\/span><\/td>\n<td width=\"484\"><span style=\"color: #000000;\">Dr. Coffi Dieudonn\u00e9 ASSOUVI<\/span><\/td>\n<td width=\"177\"><span style=\"color: #000000;\">20 mn<\/span><\/td>\n<\/tr>\n<tr>\n<td width=\"53\"><span style=\"color: #000000;\">3<\/span><\/td>\n<td width=\"479\"><span style=\"color: #000000;\">Digital Transformation and Artificial Intelligence in Support of SDG Implementation: Digital Governance for Sustainable Development<\/span><\/td>\n<td width=\"484\"><span style=\"color: #000000;\">Pr. Amal EL FALLAH SEGHROUCHNI<\/span><\/td>\n<td width=\"177\"><span style=\"color: #000000;\">20 mn<\/span><\/td>\n<\/tr>\n<tr>\n<td width=\"53\"><span style=\"color: #000000;\">4<\/span><\/td>\n<td width=\"479\"><span style=\"color: #000000;\">Transformational Leadership and Global Governance of the SDGs in Africa<\/span><\/td>\n<td width=\"484\"><span style=\"color: #000000;\">Pr. \u00e9m\u00e9rite Mohamed HARAKAT<\/span><\/td>\n<td width=\"177\"><span style=\"color: #000000;\">20 mn<\/span><\/td>\n<\/tr>\n<tr>\n<td width=\"53\"><span style=\"color: #000000;\">5<\/span><\/td>\n<td width=\"479\"><span style=\"color: #000000;\">Green Public Finance for the Implementation of the SDGs<\/span><\/td>\n<td width=\"484\"><span style=\"color: #000000;\"><em>Pr.\u00a0 Nicaise MEDE<\/em><\/span><\/td>\n<td width=\"177\"><span style=\"color: #000000;\">20 mn<\/span><\/td>\n<\/tr>\n<tr>\n<td width=\"53\"><\/td>\n<td width=\"479\"><span style=\"color: #000000;\"><em>LUNCH BREAK<\/em><\/span><\/td>\n<td width=\"484\"><span style=\"color: #000000;\"><em>\u00a0<\/em><\/span><\/td>\n<td width=\"177\"><span style=\"color: #000000;\">1 h<\/span><\/td>\n<\/tr>\n<tr>\n<td width=\"53\"><span style=\"color: #000000;\">6<\/span><\/td>\n<td width=\"479\"><span style=\"color: #000000;\">Innovative Mechanisms for Financing Sustainable Development in Africa<\/span><\/td>\n<td width=\"484\"><span style=\"color: #000000;\">\u2026\u2026\u2026\u2026\u2026<\/span><\/p>\n<p>&nbsp;<\/td>\n<td width=\"177\"><span style=\"color: #000000;\">20 mn<\/span><\/td>\n<\/tr>\n<tr>\n<td width=\"53\"><span style=\"color: #000000;\">7<\/span><\/td>\n<td width=\"479\"><span style=\"color: #000000;\">Steering Global Public Performance<\/span><\/td>\n<td width=\"484\"><span style=\"color: #000000;\">Dr. Coffi Dieudonn\u00e9 ASSOUVI<\/span><\/td>\n<td width=\"177\"><span style=\"color: #000000;\">20 mn<\/span><\/td>\n<\/tr>\n<tr>\n<td width=\"53\"><span style=\"color: #000000;\">8<\/span><\/td>\n<td width=\"479\"><span style=\"color: #000000;\">Example of a Major Transformative and Structuring Project:<\/span><br \/>\n<span style=\"color: #000000;\">The Simandou 2040 Program and Guinea\u2019s New Vision for Sustainable Development<\/span><\/td>\n<td width=\"484\">&nbsp;<\/p>\n<p><span style=\"color: #000000;\">Mr. Faya Fran\u00e7ois Bourouno, Minister of Labour and Public Service of Guinea<\/span><br \/>\n<span style=\"color: #000000;\">Mr. Mamoudou Nagnalen Barry, Chairman of the Board of Directors of the Trans-Guinean Company (CTG)<\/span><\/td>\n<td width=\"177\">&nbsp;<\/p>\n<p><span style=\"color: #000000;\">30 mn<\/span><\/td>\n<\/tr>\n<tr>\n<td width=\"53\"><\/td>\n<td width=\"479\"><span style=\"color: #000000;\">Each participating Minister will present the case of their country.<\/span><\/td>\n<td width=\"484\"><span style=\"color: #000000;\">Ministers<\/span><\/td>\n<td width=\"177\"><span style=\"color: #000000;\">1 h<\/span><\/td>\n<\/tr>\n<tr>\n<td width=\"53\"><\/td>\n<td width=\"479\"><span style=\"color: #000000;\">Intervention des invit\u00e9s et des partenaires du CAFRAD<\/span><\/td>\n<td width=\"484\"><span style=\"color: #000000;\">Mod\u00e9rateur<\/span><\/td>\n<td width=\"177\"><span style=\"color: #000000;\">30 mn<\/span><\/td>\n<\/tr>\n<tr>\n<td width=\"53\"><span style=\"color: #000000;\">9<\/span><\/td>\n<td width=\"479\"><span style=\"color: #000000;\">Exchange of Innovative Best Practices in the Implementation of the SDGs and Agenda 2063<\/span><\/p>\n<p><span style=\"color: #000000;\">Reading, Amendment, and Adoption of the Forum\u2019s General Report and Closing Ceremony<\/span><\/td>\n<td width=\"484\"><span style=\"color: #000000;\">Dr. Amadaou Path\u00e9 DIALLO and ministers<\/span><\/td>\n<td width=\"177\"><span style=\"color: #000000;\">1 h<\/span><\/td>\n<\/tr>\n<\/tbody>\n<\/table>\n<p style=\"text-align: justify;\">\n<\/div>\n<p>[\/vc_column_text][stm_spacing lg_spacing=&#8221;80&#8243; md_spacing=&#8221;80&#8243; sm_spacing=&#8221;30&#8243; xs_spacing=&#8221;20&#8243;][vc_column_text]<strong><span style=\"color: #3366ff;\">Documents to download<\/span><\/strong>[\/vc_column_text][vc_row_inner][vc_column_inner][vc_custom_heading stripe_pos=&#8221;hide&#8221; stm_title_font_weight=&#8221;300&#8243; text=&#8221;Summary Concept Note&#8221; font_container=&#8221;tag:h3|font_size:18|text_align:left|color:%23000000&#8243; use_theme_fonts=&#8221;yes&#8221;][vc_column_text]<img loading=\"lazy\" class=\"alignnone wp-image-4715\" src=\"http:\/\/cafrad.international\/wp-content\/uploads\/2020\/10\/document-eps-file-format-pdf-icon-pdf-icon-png-512_512-300x300.png\" alt=\"\" width=\"19\" height=\"19\" srcset=\"https:\/\/cafrad.io\/wp-content\/uploads\/2020\/10\/document-eps-file-format-pdf-icon-pdf-icon-png-512_512-300x300.png 300w, https:\/\/cafrad.io\/wp-content\/uploads\/2020\/10\/document-eps-file-format-pdf-icon-pdf-icon-png-512_512-150x150.png 150w, https:\/\/cafrad.io\/wp-content\/uploads\/2020\/10\/document-eps-file-format-pdf-icon-pdf-icon-png-512_512-50x50.png 50w, https:\/\/cafrad.io\/wp-content\/uploads\/2020\/10\/document-eps-file-format-pdf-icon-pdf-icon-png-512_512-320x320.png 320w, https:\/\/cafrad.io\/wp-content\/uploads\/2020\/10\/document-eps-file-format-pdf-icon-pdf-icon-png-512_512.png 512w\" sizes=\"(max-width: 19px) 100vw, 19px\" \/> <span style=\"color: #008080;\"><a style=\"color: #008080;\" href=\"https:\/\/cafrad.io\/wp-content\/uploads\/2025\/07\/Summary_Concept-Note.pdf\" target=\"_blank\" rel=\"noopener\">T\u00e9l\u00e9charger<\/a><\/span><\/p>\n<div id=\"gtx-trans\" style=\"position: absolute; left: 105px; top: 64.575px;\">\n<div class=\"gtx-trans-icon\"><\/div>\n<\/div>\n<p>[\/vc_column_text][\/vc_column_inner][\/vc_row_inner][vc_row_inner][vc_column_inner][vc_custom_heading stripe_pos=&#8221;hide&#8221; stm_title_font_weight=&#8221;300&#8243; text=&#8221;Restructuring of CAFRAD activities&#8221; font_container=&#8221;tag:h3|font_size:18|text_align:left|color:%23000000&#8243; use_theme_fonts=&#8221;yes&#8221;][vc_column_text]<img loading=\"lazy\" class=\"alignnone wp-image-4715\" src=\"http:\/\/cafrad.international\/wp-content\/uploads\/2020\/10\/document-eps-file-format-pdf-icon-pdf-icon-png-512_512-300x300.png\" alt=\"\" width=\"19\" height=\"19\" srcset=\"https:\/\/cafrad.io\/wp-content\/uploads\/2020\/10\/document-eps-file-format-pdf-icon-pdf-icon-png-512_512-300x300.png 300w, https:\/\/cafrad.io\/wp-content\/uploads\/2020\/10\/document-eps-file-format-pdf-icon-pdf-icon-png-512_512-150x150.png 150w, https:\/\/cafrad.io\/wp-content\/uploads\/2020\/10\/document-eps-file-format-pdf-icon-pdf-icon-png-512_512-50x50.png 50w, https:\/\/cafrad.io\/wp-content\/uploads\/2020\/10\/document-eps-file-format-pdf-icon-pdf-icon-png-512_512-320x320.png 320w, https:\/\/cafrad.io\/wp-content\/uploads\/2020\/10\/document-eps-file-format-pdf-icon-pdf-icon-png-512_512.png 512w\" sizes=\"(max-width: 19px) 100vw, 19px\" \/> <span style=\"color: #008080;\"><a style=\"color: #008080;\" href=\"https:\/\/cafrad.io\/wp-content\/uploads\/2025\/07\/Restructuring-of-CAFRAD-activities.pdf\" target=\"_blank\" rel=\"noopener\">T\u00e9l\u00e9charger<\/a><\/span><\/p>\n<div id=\"gtx-trans\" style=\"position: absolute; left: 105px; top: 64.575px;\">\n<div class=\"gtx-trans-icon\"><\/div>\n<\/div>\n<p>[\/vc_column_text][\/vc_column_inner][\/vc_row_inner][vc_row_inner][vc_column_inner][vc_custom_heading stripe_pos=&#8221;hide&#8221; stm_title_font_weight=&#8221;300&#8243; text=&#8221;CAFRAD\u2019s Priority Projects&#8221; font_container=&#8221;tag:h3|font_size:18|text_align:left|color:%23000000&#8243; use_theme_fonts=&#8221;yes&#8221;][vc_column_text]<img loading=\"lazy\" class=\"alignnone wp-image-4715\" src=\"http:\/\/cafrad.international\/wp-content\/uploads\/2020\/10\/document-eps-file-format-pdf-icon-pdf-icon-png-512_512-300x300.png\" alt=\"\" width=\"19\" height=\"19\" srcset=\"https:\/\/cafrad.io\/wp-content\/uploads\/2020\/10\/document-eps-file-format-pdf-icon-pdf-icon-png-512_512-300x300.png 300w, https:\/\/cafrad.io\/wp-content\/uploads\/2020\/10\/document-eps-file-format-pdf-icon-pdf-icon-png-512_512-150x150.png 150w, https:\/\/cafrad.io\/wp-content\/uploads\/2020\/10\/document-eps-file-format-pdf-icon-pdf-icon-png-512_512-50x50.png 50w, https:\/\/cafrad.io\/wp-content\/uploads\/2020\/10\/document-eps-file-format-pdf-icon-pdf-icon-png-512_512-320x320.png 320w, https:\/\/cafrad.io\/wp-content\/uploads\/2020\/10\/document-eps-file-format-pdf-icon-pdf-icon-png-512_512.png 512w\" sizes=\"(max-width: 19px) 100vw, 19px\" \/> <span style=\"color: #008080;\"><a style=\"color: #008080;\" href=\"https:\/\/cafrad.io\/wp-content\/uploads\/2025\/07\/LIVRE-PRESENTATION-CAFRAD-ENGLISH.pdf\" target=\"_blank\" rel=\"noopener\">T\u00e9l\u00e9charger<\/a><\/span><\/p>\n<div id=\"gtx-trans\" style=\"position: absolute; left: 105px; top: 64.575px;\">\n<div class=\"gtx-trans-icon\"><\/div>\n<\/div>\n<p>[\/vc_column_text][\/vc_column_inner][\/vc_row_inner][vc_row_inner][vc_column_inner][vc_custom_heading stripe_pos=&#8221;hide&#8221; stm_title_font_weight=&#8221;300&#8243; text=&#8221;CAFRAD Presentation Booklet&#8221; font_container=&#8221;tag:h3|font_size:18|text_align:left|color:%23000000&#8243; use_theme_fonts=&#8221;yes&#8221;][vc_column_text]<img loading=\"lazy\" class=\"alignnone wp-image-4715\" src=\"http:\/\/cafrad.international\/wp-content\/uploads\/2020\/10\/document-eps-file-format-pdf-icon-pdf-icon-png-512_512-300x300.png\" alt=\"\" width=\"19\" height=\"19\" srcset=\"https:\/\/cafrad.io\/wp-content\/uploads\/2020\/10\/document-eps-file-format-pdf-icon-pdf-icon-png-512_512-300x300.png 300w, https:\/\/cafrad.io\/wp-content\/uploads\/2020\/10\/document-eps-file-format-pdf-icon-pdf-icon-png-512_512-150x150.png 150w, https:\/\/cafrad.io\/wp-content\/uploads\/2020\/10\/document-eps-file-format-pdf-icon-pdf-icon-png-512_512-50x50.png 50w, https:\/\/cafrad.io\/wp-content\/uploads\/2020\/10\/document-eps-file-format-pdf-icon-pdf-icon-png-512_512-320x320.png 320w, https:\/\/cafrad.io\/wp-content\/uploads\/2020\/10\/document-eps-file-format-pdf-icon-pdf-icon-png-512_512.png 512w\" sizes=\"(max-width: 19px) 100vw, 19px\" \/> <a href=\"https:\/\/cafrad.io\/wp-content\/uploads\/2025\/07\/CAFRAD-Presentation-Booklet.pdf\"><span style=\"color: #008080;\">T\u00e9l\u00e9charger<\/span><\/a><\/p>\n<div id=\"gtx-trans\" style=\"position: absolute; left: 105px; top: 64.575px;\">\n<div class=\"gtx-trans-icon\"><\/div>\n<\/div>\n<p>[\/vc_column_text][\/vc_column_inner][\/vc_row_inner][vc_row_inner][vc_column_inner][vc_custom_heading stripe_pos=&#8221;hide&#8221; stm_title_font_weight=&#8221;300&#8243; text=&#8221;CAFRAD Profile&#8221; font_container=&#8221;tag:h3|font_size:18|text_align:left|color:%23000000&#8243; use_theme_fonts=&#8221;yes&#8221;][vc_column_text]<img loading=\"lazy\" class=\"alignnone wp-image-4715\" src=\"http:\/\/cafrad.international\/wp-content\/uploads\/2020\/10\/document-eps-file-format-pdf-icon-pdf-icon-png-512_512-300x300.png\" alt=\"\" width=\"19\" height=\"19\" srcset=\"https:\/\/cafrad.io\/wp-content\/uploads\/2020\/10\/document-eps-file-format-pdf-icon-pdf-icon-png-512_512-300x300.png 300w, https:\/\/cafrad.io\/wp-content\/uploads\/2020\/10\/document-eps-file-format-pdf-icon-pdf-icon-png-512_512-150x150.png 150w, https:\/\/cafrad.io\/wp-content\/uploads\/2020\/10\/document-eps-file-format-pdf-icon-pdf-icon-png-512_512-50x50.png 50w, https:\/\/cafrad.io\/wp-content\/uploads\/2020\/10\/document-eps-file-format-pdf-icon-pdf-icon-png-512_512-320x320.png 320w, https:\/\/cafrad.io\/wp-content\/uploads\/2020\/10\/document-eps-file-format-pdf-icon-pdf-icon-png-512_512.png 512w\" sizes=\"(max-width: 19px) 100vw, 19px\" \/> <a href=\"https:\/\/cafrad.io\/wp-content\/uploads\/2025\/07\/CAFRAD-Profile.pdf\"><span style=\"color: #008080;\">T\u00e9l\u00e9charger<\/span><\/a><\/p>\n<div id=\"gtx-trans\" style=\"position: absolute; left: 105px; top: 64.575px;\">\n<div class=\"gtx-trans-icon\"><\/div>\n<\/div>\n<p>[\/vc_column_text][\/vc_column_inner][\/vc_row_inner][vc_row_inner][vc_column_inner][vc_custom_heading stripe_pos=&#8221;hide&#8221; stm_title_font_weight=&#8221;300&#8243; text=&#8221;CAFRAD Profile Booklet&#8221; font_container=&#8221;tag:h3|font_size:18|text_align:left|color:%23000000&#8243; use_theme_fonts=&#8221;yes&#8221;][vc_column_text]<img loading=\"lazy\" class=\"alignnone wp-image-4715\" src=\"http:\/\/cafrad.international\/wp-content\/uploads\/2020\/10\/document-eps-file-format-pdf-icon-pdf-icon-png-512_512-300x300.png\" alt=\"\" width=\"19\" height=\"19\" srcset=\"https:\/\/cafrad.io\/wp-content\/uploads\/2020\/10\/document-eps-file-format-pdf-icon-pdf-icon-png-512_512-300x300.png 300w, https:\/\/cafrad.io\/wp-content\/uploads\/2020\/10\/document-eps-file-format-pdf-icon-pdf-icon-png-512_512-150x150.png 150w, https:\/\/cafrad.io\/wp-content\/uploads\/2020\/10\/document-eps-file-format-pdf-icon-pdf-icon-png-512_512-50x50.png 50w, https:\/\/cafrad.io\/wp-content\/uploads\/2020\/10\/document-eps-file-format-pdf-icon-pdf-icon-png-512_512-320x320.png 320w, https:\/\/cafrad.io\/wp-content\/uploads\/2020\/10\/document-eps-file-format-pdf-icon-pdf-icon-png-512_512.png 512w\" sizes=\"(max-width: 19px) 100vw, 19px\" \/> <a href=\"https:\/\/cafrad.io\/wp-content\/uploads\/2025\/07\/CAFRAD-Profile-Booklet.pdf\"><span style=\"color: #008080;\">T\u00e9l\u00e9charger<\/span><\/a><\/p>\n<div id=\"gtx-trans\" style=\"position: absolute; left: 105px; top: 64.575px;\">\n<div class=\"gtx-trans-icon\"><\/div>\n<\/div>\n<p>[\/vc_column_text][\/vc_column_inner][\/vc_row_inner][vc_row_inner][vc_column_inner][vc_custom_heading stripe_pos=&#8221;hide&#8221; stm_title_font_weight=&#8221;300&#8243; text=&#8221;CAFRAD Note&#8221; font_container=&#8221;tag:h3|font_size:18|text_align:left|color:%23000000&#8243; use_theme_fonts=&#8221;yes&#8221;][vc_column_text]<img loading=\"lazy\" class=\"alignnone wp-image-4715\" src=\"http:\/\/cafrad.international\/wp-content\/uploads\/2020\/10\/document-eps-file-format-pdf-icon-pdf-icon-png-512_512-300x300.png\" alt=\"\" width=\"19\" height=\"19\" srcset=\"https:\/\/cafrad.io\/wp-content\/uploads\/2020\/10\/document-eps-file-format-pdf-icon-pdf-icon-png-512_512-300x300.png 300w, https:\/\/cafrad.io\/wp-content\/uploads\/2020\/10\/document-eps-file-format-pdf-icon-pdf-icon-png-512_512-150x150.png 150w, https:\/\/cafrad.io\/wp-content\/uploads\/2020\/10\/document-eps-file-format-pdf-icon-pdf-icon-png-512_512-50x50.png 50w, https:\/\/cafrad.io\/wp-content\/uploads\/2020\/10\/document-eps-file-format-pdf-icon-pdf-icon-png-512_512-320x320.png 320w, https:\/\/cafrad.io\/wp-content\/uploads\/2020\/10\/document-eps-file-format-pdf-icon-pdf-icon-png-512_512.png 512w\" sizes=\"(max-width: 19px) 100vw, 19px\" \/> <a href=\"https:\/\/cafrad.io\/wp-content\/uploads\/2025\/07\/CAFRAD-Note.pdf\"><span style=\"color: #008080;\">T\u00e9l\u00e9charger<\/span><\/a><\/p>\n<div id=\"gtx-trans\" style=\"position: absolute; left: 105px; top: 64.575px;\">\n<div class=\"gtx-trans-icon\"><\/div>\n<\/div>\n<p>[\/vc_column_text][\/vc_column_inner][\/vc_row_inner][\/vc_column][\/vc_row][vc_row full_width=&#8221;stretch_row&#8221; css=&#8221;.vc_custom_1602029642150{margin-bottom: -60px !important;background-color: #ffc80a !important;}&#8221;][vc_column][vc_cta h2=&#8221;Envie D&#8217;\u00eatre Renseign\u00e9 Sur Tous Les \u00e9v\u00e9nements du CAFRAD?&#8221; h2_font_container=&#8221;font_size:24px|color:%23000000|line_height:24px&#8221; h2_use_theme_fonts=&#8221;yes&#8221; shape=&#8221;square&#8221; style=&#8221;flat&#8221; add_button=&#8221;right&#8221; btn_title=&#8221;Nos \u00e9v\u00e9nements&#8221; btn_style=&#8221;flat&#8221; btn_color=&#8221;theme_style_2&#8243; btn_align=&#8221;right&#8221; btn_i_align=&#8221;right&#8221; btn_i_icon_fontawesome=&#8221;fa fa-chevron-right&#8221; use_custom_fonts_h2=&#8221;true&#8221; btn_button_block=&#8221;true&#8221; btn_add_icon=&#8221;true&#8221; css=&#8221;.vc_custom_1602029653171{margin-bottom: 0px !important;background-color: #ffc80a !important;}&#8221;][\/vc_cta][\/vc_column][\/vc_row]<\/p>\n<\/section>","protected":false},"excerpt":{"rendered":"<p>[vc_row][vc_column][vc_single_image image=&#8221;9788&#8243; img_size=&#8221;LARGE&#8221;][vc_column_text css=&#8221;.vc_custom_1752353660762{margin-bottom: 20px !important;}&#8221;] Date: July 15, 2025 Venue: Conference Hall, CAFRAD Headquarters, Rabat, Morocco Time: 9:00 a.m. to 5:00 p.m. (Morocco time) Moderator: Mr. Belkacem BOUTAYEB, President of the \u201cM\u00e8re Afrique 2030\u201d Foundation, Expert, Consultant, and Media Commentator 8:45 a.m.: Arrival and seating of participants 9:00 a.m.: Opening of the Forum Agenda<\/p>\n","protected":false},"author":1,"featured_media":0,"parent":0,"menu_order":0,"comment_status":"closed","ping_status":"closed","template":"","meta":[],"_links":{"self":[{"href":"https:\/\/cafrad.io\/en\/wp-json\/wp\/v2\/pages\/9942"}],"collection":[{"href":"https:\/\/cafrad.io\/en\/wp-json\/wp\/v2\/pages"}],"about":[{"href":"https:\/\/cafrad.io\/en\/wp-json\/wp\/v2\/types\/page"}],"author":[{"embeddable":true,"href":"https:\/\/cafrad.io\/en\/wp-json\/wp\/v2\/users\/1"}],"replies":[{"embeddable":true,"href":"https:\/\/cafrad.io\/en\/wp-json\/wp\/v2\/comments?post=9942"}],"version-history":[{"count":7,"href":"https:\/\/cafrad.io\/en\/wp-json\/wp\/v2\/pages\/9942\/revisions"}],"predecessor-version":[{"id":9994,"href":"https:\/\/cafrad.io\/en\/wp-json\/wp\/v2\/pages\/9942\/revisions\/9994"}],"wp:attachment":[{"href":"https:\/\/cafrad.io\/en\/wp-json\/wp\/v2\/media?parent=9942"}],"curies":[{"name":"wp","href":"https:\/\/api.w.org\/{rel}","templated":true}]}}